{"id":324,"date":"2026-04-03T17:55:49","date_gmt":"2026-04-03T15:55:49","guid":{"rendered":"https:\/\/shiatsu-valentine.com\/?page_id=324"},"modified":"2026-04-03T17:55:49","modified_gmt":"2026-04-03T15:55:49","slug":"methodes-de-bilan-energetique","status":"publish","type":"page","link":"https:\/\/shiatsu-valentine.com\/index.php\/methodes-de-bilan-energetique\/","title":{"rendered":"M\u00e9thodes de bilan \u00e9nerg\u00e9tique"},"content":{"rendered":"\n<p>Le terme de \u00ab\u00a0bilan \u00e9nerg\u00e9tique\u00a0\u00bb para\u00eet souvent bien abstrait et s\u2019emploie dans des pratiques tellement diverses que l\u2019on a du mal \u00e0 saisir de quoi on parle.<br>En s\u00e9ance de shiatsu et d&rsquo;acupuncture, dresser un bilan implique tacitement que <strong>chaque s\u00e9ance est toujours<\/strong> <strong>adapt\u00e9e<\/strong> selon la plainte, l\u2019\u00e9tat et le besoin que la personne va exprimer en consultation.<br><br>Voyez ci-dessous la liste (non exhaustive et r\u00e9sum\u00e9e) des <strong>phases de diagnostic<\/strong> employ\u00e9es en m\u00e9decines chinoise et japonaise, mixit\u00e9 de m\u00e9thodes concr\u00e8tes que j\u2019utilise constamment pour d\u00e9terminer le traitement que je vais appliquer.<\/p>\n\n\n\n<p>1. <strong>L\u2019observation<\/strong>\u00a0: on examine visuellement<strong> l\u2019aspect g\u00e9n\u00e9ral<\/strong> de la personne, certaines parties de son corps et, plus rarement dans ma pratique, certains de ses excr\u00e9tas.<br><br>A titre d\u2019exemple, on va porter l\u2019attention sur la morphologie, le teint, l\u2019\u00e9clat du regard, de la peau, des cheveux, etc. La dynamique et la gestuelle nous oriente \u00e9galement sur la tendance globale de la circulation du Qi de la personne.<\/p>\n\n\n\n<p><strong>L\u2019observation de la langue<\/strong> est un aspect essentiel de l\u2019appr\u00e9ciation de l\u2019\u00e9tat interne pour les raisons suivantes :<br>&#8211; ses tissus \u00e9tant tr\u00e8s vascularis\u00e9s, elle renseigne sur l\u2019\u00e9quilibre du Qi et du Sang\u00a0;<br>&#8211; elle est en relation directe avec les Organes et Entrailles, notamment le C\u0153ur, la Rate et l\u2019Estomac\u00a0;<\/p>\n\n\n\n<div class=\"wp-block-media-text has-media-on-the-right is-stacked-on-mobile is-vertically-aligned-bottom\" style=\"grid-template-columns:auto 30%\"><div class=\"wp-block-media-text__content\">\n<p>&#8211; elle est parcourue par plusieurs M\u00e9ridiens\u00a0;<br>&#8211; en raison pratique, l\u2019examen de la langue est rapide et facile \u00e0 r\u00e9aliser \u2013 bien que son interpr\u00e9tation puisse \u00eatre complexe, il n\u2019exige pas de mat\u00e9riel sophistiqu\u00e9 ni de techniques \u00e9labor\u00e9es.<\/p>\n<\/div><figure class=\"wp-block-media-text__media\"><img loading=\"lazy\" decoding=\"async\" width=\"714\" height=\"684\" src=\"https:\/\/shiatsu-valentine.com\/wp-content\/uploads\/2026\/04\/observation-de-la-langue-en-medecine-chinoise-Formations-Sionneau-2317978749.jpg\" alt=\"\" class=\"wp-image-328 size-full\" srcset=\"https:\/\/shiatsu-valentine.com\/wp-content\/uploads\/2026\/04\/observation-de-la-langue-en-medecine-chinoise-Formations-Sionneau-2317978749.jpg 714w, https:\/\/shiatsu-valentine.com\/wp-content\/uploads\/2026\/04\/observation-de-la-langue-en-medecine-chinoise-Formations-Sionneau-2317978749-300x287.jpg 300w\" sizes=\"auto, (max-width: 714px) 100vw, 714px\" \/><\/figure><\/div>\n\n\n\n<p>2<strong>. L\u2019audition et l\u2019olfaction<\/strong> se focalisent sur les caract\u00e9ristiques de la voix, de la respiration et des odeurs corporelles.<br><br>3. <strong>L\u2019interrogatoire<\/strong>\u00a0: on r\u00e9colte des informations sur les ant\u00e9c\u00e9dents de la personne, les circonstances de survenue de l\u2019\u00e9volution de sa probl\u00e9matique, ses perceptions et r\u00e9actions, les facteurs aggravant et am\u00e9liorant ses sympt\u00f4mes \u2026<\/p>\n\n\n\n<p>4. <strong>La palpation <\/strong>de certaines zones selon la probl\u00e9matique\u00a0:<\/p>\n\n\n\n<div class=\"wp-block-media-text has-media-on-the-right is-stacked-on-mobile\" style=\"grid-template-columns:auto 25%\"><div class=\"wp-block-media-text__content\">\n<p>&#8211; <strong>le Hara<\/strong>, terme japonais qui d\u00e9signe le <strong>centre vital<\/strong> de l\u2019humain autrement dit son abdomen. La palpation du ventre est appel\u00e9e \u00ab\u00a0fukushin\u00a0\u00bb\u00a0: \u00ab\u00a0fuku\u00a0\u00bb signifie un sac, litt\u00e9ralement la poche contenant les organes vitaux. <br>Le diagnostic du Hara se fait par un toucher subtile et profond, il renseigne sur l\u2019\u00e9tat \u00e9nerg\u00e9tique des visc\u00e8res et m\u00e9ridiens associ\u00e9s. <br>En g\u00e9n\u00e9ral \u00e0 cette \u00e9tape, diagnostic et traitement s&rsquo;entrem\u00ealent : on palpe pour sentir le Qi et lui donner une direction. Cette technique est directement tir\u00e9e de l&rsquo;Ampuku, technique de soin anc\u00eatre du shiatsu.<\/p>\n<\/div><figure class=\"wp-block-media-text__media\"><img loading=\"lazy\" decoding=\"async\" width=\"288\" height=\"371\" src=\"https:\/\/shiatsu-valentine.com\/wp-content\/uploads\/2026\/04\/hara-diag.jpg\" alt=\"\" class=\"wp-image-332 size-full\" srcset=\"https:\/\/shiatsu-valentine.com\/wp-content\/uploads\/2026\/04\/hara-diag.jpg 288w, https:\/\/shiatsu-valentine.com\/wp-content\/uploads\/2026\/04\/hara-diag-233x300.jpg 233w\" sizes=\"auto, (max-width: 288px) 100vw, 288px\" \/><\/figure><\/div>\n\n\n\n<div class=\"wp-block-media-text is-stacked-on-mobile is-vertically-aligned-top\" style=\"grid-template-columns:19% auto\"><figure class=\"wp-block-media-text__media\"><img loading=\"lazy\" decoding=\"async\" width=\"292\" height=\"375\" src=\"https:\/\/shiatsu-valentine.com\/wp-content\/uploads\/2026\/04\/dos-diag.jpg\" alt=\"\" class=\"wp-image-334 size-full\" srcset=\"https:\/\/shiatsu-valentine.com\/wp-content\/uploads\/2026\/04\/dos-diag.jpg 292w, https:\/\/shiatsu-valentine.com\/wp-content\/uploads\/2026\/04\/dos-diag-234x300.jpg 234w\" sizes=\"auto, (max-width: 292px) 100vw, 292px\" \/><\/figure><div class=\"wp-block-media-text__content\">\n<p>&#8211; <strong>le dos<\/strong>, de nature plus robuste avec ses multicouches de muscles, renseigne sur les d\u00e9s\u00e9quilibres plus anciens qui ont eu le temps de se marquer en profondeurs.<\/p>\n<\/div><\/div>\n\n\n\n<div class=\"wp-block-media-text has-media-on-the-right is-stacked-on-mobile\" style=\"grid-template-columns:auto 33%\"><div class=\"wp-block-media-text__content\">\n<p>&#8211; <strong>les pouls<\/strong> de l\u2019art\u00e8re radiale (sur la face interne du poignet) dont on appr\u00e9cie la fr\u00e9quence, la qualit\u00e9, la profondeur, la forme et bien d\u2019autres \u00e9l\u00e9ments subtils qui renseignent sur la localisation et l\u2019\u00e9volution du syndrome.<\/p>\n<\/div><figure class=\"wp-block-media-text__media\"><img loading=\"lazy\" decoding=\"async\" width=\"900\" height=\"508\" src=\"https:\/\/shiatsu-valentine.com\/wp-content\/uploads\/2026\/04\/illustration_prise_pouls_chinois-1625872309.jpg\" alt=\"\" class=\"wp-image-327 size-full\" srcset=\"https:\/\/shiatsu-valentine.com\/wp-content\/uploads\/2026\/04\/illustration_prise_pouls_chinois-1625872309.jpg 900w, https:\/\/shiatsu-valentine.com\/wp-content\/uploads\/2026\/04\/illustration_prise_pouls_chinois-1625872309-300x169.jpg 300w, https:\/\/shiatsu-valentine.com\/wp-content\/uploads\/2026\/04\/illustration_prise_pouls_chinois-1625872309-768x433.jpg 768w\" sizes=\"auto, (max-width: 900px) 100vw, 900px\" \/><\/figure><\/div>\n\n\n\n<div class=\"wp-block-media-text is-stacked-on-mobile\" style=\"grid-template-columns:21% auto\"><figure class=\"wp-block-media-text__media\"><img loading=\"lazy\" decoding=\"async\" width=\"796\" height=\"1024\" src=\"https:\/\/shiatsu-valentine.com\/wp-content\/uploads\/2026\/04\/points-acu-796x1024.jpg\" alt=\"\" class=\"wp-image-336 size-full\" srcset=\"https:\/\/shiatsu-valentine.com\/wp-content\/uploads\/2026\/04\/points-acu-796x1024.jpg 796w, https:\/\/shiatsu-valentine.com\/wp-content\/uploads\/2026\/04\/points-acu-233x300.jpg 233w, https:\/\/shiatsu-valentine.com\/wp-content\/uploads\/2026\/04\/points-acu-768x988.jpg 768w, https:\/\/shiatsu-valentine.com\/wp-content\/uploads\/2026\/04\/points-acu.jpg 1080w\" sizes=\"auto, (max-width: 796px) 100vw, 796px\" \/><\/figure><div class=\"wp-block-media-text__content\">\n<p>&#8211; les m\u00e9ridiens et certains points, pour discriminer lesquels ont besoin d\u2019\u00eatre trait\u00e9, avec des pressions de shiatsu ou des aiguilles d\u2019acupuncture.<\/p>\n<\/div><\/div>\n\n\n\n<p>Tant d\u2019outils sensibles qui permettent de lire les tendances, de sonder le terrain, de percevoir la vitalit\u00e9 et les faiblesses de la personne afin de discerner ses sources de d\u00e9s\u00e9quilibres \u00e0 traiter.<br><br>Il est \u00e9vident que toutes ces phases de diagnostic ne sont pas s\u00e9par\u00e9es dans la pratique et se chevauchent au cours de la consultation. Par exemple, on peut observer des aspects visuels tout en interrogeant la personne.<br>Au cas par cas, j\u2019adapte et m\u2019attarde sur les phases du bilan que je juge les plus appropri\u00e9es et efficaces.<br><br>Pour rappel, malgr\u00e9 l\u2019usage ici de termes \u00e0 consonnance m\u00e9dicale (diagnostic, consultation\u2026), une s\u00e9ance de shiatsu ne substitue pas \u00e0 l\u2019avis d\u2019un professionnel de la sant\u00e9, mais se consid\u00e8re plut\u00f4t comme une approche de soin compl\u00e9mentaire.<\/p>\n\n\n\n<p><\/p>\n\n\n\n<p><\/p>\n\n\n\n<p><\/p>\n","protected":false},"excerpt":{"rendered":"<p>Le terme de \u00ab\u00a0bilan \u00e9nerg\u00e9tique\u00a0\u00bb para\u00eet souvent bien abstrait et s\u2019emploie dans des pratiques tellement diverses que l\u2019on a du mal \u00e0 saisir de quoi on parle.En s\u00e9ance de shiatsu &hellip; <\/p>\n","protected":false},"author":2,"featured_media":66,"parent":0,"menu_order":0,"comment_status":"closed","ping_status":"closed","template":"","meta":{"footnotes":""},"class_list":["post-324","page","type-page","status-publish","has-post-thumbnail","hentry"],"_links":{"self":[{"href":"https:\/\/shiatsu-valentine.com\/index.php\/wp-json\/wp\/v2\/pages\/324","targetHints":{"allow":["GET"]}}],"collection":[{"href":"https:\/\/shiatsu-valentine.com\/index.php\/wp-json\/wp\/v2\/pages"}],"about":[{"href":"https:\/\/shiatsu-valentine.com\/index.php\/wp-json\/wp\/v2\/types\/page"}],"author":[{"embeddable":true,"href":"https:\/\/shiatsu-valentine.com\/index.php\/wp-json\/wp\/v2\/users\/2"}],"replies":[{"embeddable":true,"href":"https:\/\/shiatsu-valentine.com\/index.php\/wp-json\/wp\/v2\/comments?post=324"}],"version-history":[{"count":9,"href":"https:\/\/shiatsu-valentine.com\/index.php\/wp-json\/wp\/v2\/pages\/324\/revisions"}],"predecessor-version":[{"id":339,"href":"https:\/\/shiatsu-valentine.com\/index.php\/wp-json\/wp\/v2\/pages\/324\/revisions\/339"}],"wp:featuredmedia":[{"embeddable":true,"href":"https:\/\/shiatsu-valentine.com\/index.php\/wp-json\/wp\/v2\/media\/66"}],"wp:attachment":[{"href":"https:\/\/shiatsu-valentine.com\/index.php\/wp-json\/wp\/v2\/media?parent=324"}],"curies":[{"name":"wp","href":"https:\/\/api.w.org\/{rel}","templated":true}]}}